{"id":1686,"date":"2022-11-14T08:53:08","date_gmt":"2022-11-14T07:53:08","guid":{"rendered":"https:\/\/artt.touratech.com\/?page_id=1686"},"modified":"2022-11-18T08:20:53","modified_gmt":"2022-11-18T07:20:53","slug":"instructor","status":"publish","type":"page","link":"https:\/\/artt.touratech.com\/de\/instructor\/","title":{"rendered":"Instruktor"},"content":{"rendered":"<section class=\"wpb-content-wrapper\"><div class=\"vc_row wpb_row vc_row-fluid vc_custom_1668415505442 vc_row-has-fill\"><div class=\"wpb_column vc_column_container vc_col-sm-6\"><div class=\"vc_column-inner vc_custom_1668415419198\"><div class=\"wpb_wrapper\"><div id=\"ultimate-heading-313369d8c78571f03\" class=\"uvc-heading ult-adjust-bottom-margin ultimate-heading-313369d8c78571f03 uvc-6035  uvc-heading-default-font-sizes\" data-hspacer=\"line_only\"  data-halign=\"left\" style=\"text-align:left\"><div class=\"uvc-main-heading ult-responsive\"  data-ultimate-target='.uvc-heading.ultimate-heading-313369d8c78571f03 h2'  data-responsive-json-new='{\"font-size\":\"\",\"line-height\":\"\"}' ><h2 style=\"--font-weight:theme;\">Der Nutzen<\/h2><\/div><div class=\"uvc-heading-spacer line_only\" style=\"topheight:1px;\"><span class=\"uvc-headings-line\" style=\"border-style:solid;border-bottom-width:1px;border-color:#f9dc06;width:autopx;\"><\/span><\/div><\/div>\n\t<div class=\"wpb_text_column wpb_content_element  vc_custom_1668597225212\" >\n\t\t<div class=\"wpb_wrapper\">\n\t\t\t<p>Ein Touratech-Instruktor ist nicht einfach ein Offroad-Trainer: Lernerfolg, Begeisterung und die eigene Wahrnehmung als guter Teilnehmer stehen und fallen mit der Professionalit\u00e4t, der breiten Kompetenz und dem Einf\u00fchlungsverm\u00f6gen des Instruktors.<\/p>\n<p>Der Instruktor ist die Vertrauensperson f\u00fcr jeden Teilnehmer. Diesem Vertrauen muss der Instruktor in seinem gesamten Verhalten, in der Auswahl seiner \u00dcbungen, in der Anleitung der Teilnehmer und in seinem Umgang mit Problemen oder gar Verletzungen (die leider einfach passieren k\u00f6nnen) gerecht werden.<\/p>\n<hr \/>\n<h3>\n<div class=\"hr-thin\"><\/div>\n<p>Dein pers\u00f6nlicher Vorteil<\/h3>\n<p>In der A.R.T.T. Instructor Certification vermitteln Dir die Profis von Edelweiss Bike Travel alle Aspekte und Facetten deiner spannenden und abwechslungsreichen Aufgabe als Instruktor, wie z.B.<\/p>\n<ul>\n<li>psychologische Grundlagen \"wie Menschen lernen\"<\/li>\n<li>Fahrunterricht - wie man f\u00e4hrt und wie man unterrichtet<\/li>\n<li>wie man einen ganzen Trainingstag (oder zwei) leitet<\/li>\n<li>Umgang mit dem Bike, Erste Hilfe, rechtliche Themen<\/li>\n<\/ul>\n<p>Die A.R.T.T.-Ausbildung macht Sie zu einem \u00fcberzeugenden Ausbilder und Markenbotschafter f\u00fcr Touratech.<\/p>\n<p>Du wirst nicht nur beruflich, sondern auch pers\u00f6nlich von dieser Ausbildung profitieren.<\/p>\n\n\t\t<\/div>\n\t<\/div>\n<\/div><\/div><\/div><div class=\"wpb_column vc_column_container vc_col-sm-6 vc_col-has-fill\"><div class=\"vc_column-inner vc_custom_1668415411943\"><div class=\"wpb_wrapper\"><div id=\"ultimate-heading-143669d8c7857214d\" class=\"uvc-heading ult-adjust-bottom-margin ultimate-heading-143669d8c7857214d uvc-7329  uvc-heading-default-font-sizes\" data-hspacer=\"line_only\"  data-halign=\"left\" style=\"text-align:left\"><div class=\"uvc-main-heading ult-responsive\"  data-ultimate-target='.uvc-heading.ultimate-heading-143669d8c7857214d h2'  data-responsive-json-new='{\"font-size\":\"\",\"line-height\":\"\"}' ><h2 style=\"--font-weight:theme;\">Der Preis<\/h2><\/div><div class=\"uvc-heading-spacer line_only\" style=\"topheight:1px;\"><span class=\"uvc-headings-line\" style=\"border-style:solid;border-bottom-width:1px;border-color:#000000;width:autopx;\"><\/span><\/div><\/div>\n\t<div class=\"wpb_text_column wpb_content_element  vc_custom_1668510770442\" >\n\t\t<div class=\"wpb_wrapper\">\n\t\t\t<h3>Die Preise 2023<\/h3>\n\n\t\t<\/div>\n\t<\/div>\n\n\t<div class=\"wpb_text_column wpb_content_element  vc_custom_1668686841869\" >\n\t\t<div class=\"wpb_wrapper\">\n\t\t\t<table>\n<tbody>\n<tr style=\"height: 21px;\">\n<td style=\"height: 21px;\"><\/td>\n<td style=\"height: 21px; text-align: right;\"><strong>Deutschland<\/strong><\/td>\n<td style=\"height: 21px; text-align: right;\"><strong>Thailand<\/strong><\/td>\n<\/tr>\n<tr style=\"height: 21px;\">\n<td style=\"height: 21px;\"><\/td>\n<td style=\"height: 21px; text-align: right;\">7 Tage &amp; 8 N\u00e4chte<\/td>\n<td style=\"height: 21px; text-align: right;\">8 Tage &amp; 9 N\u00e4chte<\/td>\n<\/tr>\n<tr style=\"height: 21px;\">\n<td style=\"height: 21px;\"><strong>Gesamtpreis Instruktorenzertifizierung<\/strong><\/td>\n<td style=\"height: 21px; text-align: right;\">\u20ac3.700<\/td>\n<td style=\"height: 21px; text-align: right;\">\u20ac3.800<\/td>\n<\/tr>\n<tr style=\"height: 21px;\">\n<td style=\"height: 21px;\"><strong>Unterkunft und Verpflegung<br \/>\n<\/strong>(nicht inbegriffen: zus\u00e4tzliche Getr\u00e4nke)<\/td>\n<td style=\"height: 21px; text-align: right;\">\u20ac950<\/td>\n<td style=\"height: 21px; text-align: right;\">\u20ac1.000<\/td>\n<\/tr>\n<tr style=\"height: 21px;\">\n<td style=\"height: 21px;\"><strong>PREIS <\/strong>(ohne Motorrad)<\/td>\n<td style=\"height: 21px; text-align: right;\"><strong>\u20ac4.650<\/strong><\/td>\n<td style=\"height: 21px; text-align: right;\"><strong>\u20ac4.800<\/strong><\/td>\n<\/tr>\n<tr style=\"height: 21px;\">\n<td style=\"height: 21px;\"><strong>Optional: Motorradverleih inkl. Treibstoff, Versicherung<\/strong><\/td>\n<td style=\"height: 21px; text-align: right;\">\u20ac945<\/td>\n<td style=\"height: 21px; text-align: right;\">\u20ac945<\/td>\n<\/tr>\n<tr style=\"height: 21px;\">\n<td style=\"height: 21px;\"><span style=\"text-decoration: underline;\"><strong>PREIS<\/strong><\/span><\/td>\n<td style=\"height: 21px; text-align: right;\"><strong>\u00a0<span style=\"text-decoration: underline;\">\u20ac5.595<\/span><\/strong><\/td>\n<td style=\"height: 21px; text-align: right;\">\u00a0<span style=\"text-decoration: underline;\"><strong>\u20ac5.745<\/strong><\/span><\/td>\n<\/tr>\n<\/tbody>\n<\/table>\n\n\t\t<\/div>\n\t<\/div>\n\n\t<div class=\"wpb_text_column wpb_content_element  vc_custom_1668686929957\" >\n\t\t<div class=\"wpb_wrapper\">\n\t\t\t<p><strong>Beinhaltet<\/strong><\/p>\n<ul>\n<li>6 Tage intensives Training durch Edelweiss Bike Travel<\/li>\n<li>Quick Reference Gudie, s\u00e4mtliches Trainingsmaterial<\/li>\n<li>Trainingsinfrastruktur<\/li>\n<li>Essen &amp; Getr\u00e4nke w\u00e4hrend des Tages (Lunchpakete\/Sandwiches)<\/li>\n<li>Zertifikat, Aufn\u00e4her, gebrandetes Artwork<\/li>\n<li>Hotel und Abendessen<\/li>\n<\/ul>\n<p><strong>Optional<\/strong><\/p>\n<ul>\n<li>Motorrad f\u00fcr die Ausbildung, Kraftstoff, Versicherung (wenn Sie nicht Ihr eigenes Motorrad benutzen)<\/li>\n<\/ul>\n<p><strong>Nicht enthalten<\/strong><\/p>\n<ul>\n<li>Reisekosten, Shuttles, Unterkunft, Fr\u00fchst\u00fcck, zus\u00e4tzliche Getr\u00e4nke zum Abendessen<\/li>\n<\/ul>\n<p><strong>Bitte beachten:<\/strong> Die A.R.T.T.-Instruktor-Zertifizierung vermittelt viele Kenntnisse, die nicht mit den Fahrk\u00fcnsten zusammenh\u00e4ngen: Erste Hilfe, Gruppendynamik, Konfliktmanagement, technisches und Motorradspezifisches-Know-how, Markenverhalten usw.)<\/p>\n\n\t\t<\/div>\n\t<\/div>\n<div class=\"vc_btn3-container vc_btn3-center vc_custom_1668510189026\" ><a class=\"vc_general vc_btn3 vc_btn3-size-md vc_btn3-shape-square vc_btn3-style-outline vc_btn3-block vc_btn3-icon-right vc_btn3-color-black\" href=\"https:\/\/artt.touratech.com\/de\/application-tourguide\/\" title=\"Bewerbung Touratech A.R.T.T.-Zertifizierung\" target=\"_blank\">Jetzt bewerben <i class=\"vc_btn3-icon fas fa-motorcycle\"><\/i><\/a><\/div><\/div><\/div><\/div><\/div><!-- Row Backgrounds --><div data-vc-full-width=\"true\" data-vc-full-width-init=\"false\" data-vc-stretch-content=\"true\" class=\"vc_row wpb_row vc_row-fluid vc_custom_1668419829933 vc_row-has-fill\"><div class=\"wpb_column vc_column_container vc_col-sm-12\"><div class=\"vc_column-inner vc_custom_1668415419198\"><div class=\"wpb_wrapper\"><div class=\"shortcode-banner\" style=\"min-height: 500px;background-image: url(https:\/\/artt.touratech.com\/wp-content\/uploads\/2022\/11\/A.R.T.T.-Gruppe-Spass-Motorrad-Tourguide_Instrctor_Touratech_Header2.jpg)\"><div class=\"shortcode-banner-bg wf-table\" style=\"padding: 0px;min-height: 500px\"><div class=\"shortcode-banner-inside wf-table text-big\" style=\"border: solid 0px transparent;outline: solid 0px;height: 500px\"><div><\/div><\/div><\/div><\/div><\/div><\/div><\/div><\/div><div class=\"vc_row-full-width vc_clearfix\"><\/div><!-- Row Backgrounds --><div class=\"vc_row wpb_row vc_row-fluid vc_custom_1668415505442 vc_row-has-fill\"><div class=\"wpb_column vc_column_container vc_col-sm-12\"><div class=\"vc_column-inner vc_custom_1668415419198\"><div class=\"wpb_wrapper\"><div id=\"ultimate-heading-179969d8c7857303c\" class=\"uvc-heading ult-adjust-bottom-margin ultimate-heading-179969d8c7857303c uvc-3447  uvc-heading-default-font-sizes\" data-hspacer=\"line_only\"  data-halign=\"left\" style=\"text-align:left\"><div class=\"uvc-main-heading ult-responsive\"  data-ultimate-target='.uvc-heading.ultimate-heading-179969d8c7857303c h2'  data-responsive-json-new='{\"font-size\":\"\",\"line-height\":\"\"}' ><h2 style=\"--font-weight:theme;\">Der Inhalt<\/h2><\/div><div class=\"uvc-heading-spacer line_only\" style=\"topheight:1px;\"><span class=\"uvc-headings-line\" style=\"border-style:solid;border-bottom-width:1px;border-color:#f9dc06;width:autopx;\"><\/span><\/div><\/div><div class=\"vc_row wpb_row vc_inner vc_row-fluid\"><div class=\"wpb_column vc_column_container vc_col-sm-6\"><div class=\"vc_column-inner\"><div class=\"wpb_wrapper\">\n\t<div class=\"wpb_text_column wpb_content_element  vc_custom_1668416043248\" >\n\t\t<div class=\"wpb_wrapper\">\n\t\t\t<h3>Schulungsraum<\/h3>\n<ul>\n<li>Verhalten und Markenverhalten eines Touratech-Instruktors<\/li>\n<li>Psychologische Grundlagen: \"Wie Menschen lernen\"<\/li>\n<li>Rechtliche Grundlagen<\/li>\n<\/ul>\n<h3>Fahren auf der Stra\u00dfe<\/h3>\n<ul>\n<li>Man\u00f6vrieren des Motorrads, Einstellung des Motorrads, Fahrerposition, Kurvenfahren, Bremsen, Wahl der richtigen Linie<\/li>\n<\/ul>\n\n\t\t<\/div>\n\t<\/div>\n<\/div><\/div><\/div><div class=\"wpb_column vc_column_container vc_col-sm-6\"><div class=\"vc_column-inner\"><div class=\"wpb_wrapper\">\n\t<div class=\"wpb_text_column wpb_content_element  vc_custom_1668416050338\" >\n\t\t<div class=\"wpb_wrapper\">\n\t\t\t<div id=\"ultimate-heading-36456372006fac268\" class=\"uvc-heading ult-adjust-bottom-margin ultimate-heading-36456372006fac268 uvc-4653 uvc-heading-default-font-sizes\" data-hspacer=\"no_spacer\" data-halign=\"center\">\n<div class=\"uvc-main-heading ult-responsive\" data-ultimate-target=\".uvc-heading.ultimate-heading-36456372006fac268 h3\" data-responsive-json-new=\"{&quot;font-size&quot;:&quot;&quot;,&quot;line-height&quot;:&quot;&quot;}\">\n<h3 style=\"text-align: left;\">Offroad-Fahren<\/h3>\n<ul>\n<li style=\"text-align: left;\">Einrichten eines \u00dcbungsplatzes<\/li>\n<li style=\"text-align: left;\">Trainingsinhalte\/P\u00e4dagogischer Ansatz f\u00fcr Anf\u00e4nger<\/li>\n<li style=\"text-align: left;\">Trainingsinhalte\/p\u00e4dagogischer Ansatz f\u00fcr Fortgeschrittene<\/li>\n<li style=\"text-align: left;\">Wie man einen ganzen Trainingstag (oder zwei) bew\u00e4ltigt<\/li>\n<li style=\"text-align: left;\">Bike-Setup: verschiedene elektronische Sicherheitssysteme, wie man auf einem Offroad-Bike steht\/sitzt, wie man ein Bike anhebt<\/li>\n<li style=\"text-align: left;\">Bike-Setup: verschiedene elektronische Sicherheitssysteme, wie man auf einem Offroad-Bike steht\/sitzt, wie man ein Bike anhebt<\/li>\n<li style=\"text-align: left;\">Fahren auf verschiedenen Untergr\u00fcnden, z. B. Schlamm, Schotter, Sand, Wasser<\/li>\n<\/ul>\n<\/div>\n<\/div>\n\n\t\t<\/div>\n\t<\/div>\n<\/div><\/div><\/div><\/div>\n\t<div class=\"wpb_text_column wpb_content_element  vc_custom_1668416056353\" >\n\t\t<div class=\"wpb_wrapper\">\n\t\t\t<p><strong>Grundlegende Ausr\u00fcstungsfragen<\/strong>, z. B.: beste Ausr\u00fcstung f\u00fcr verschiedene Zwecke; geeignete Motorradausr\u00fcstung f\u00fcr verschiedene Zwecke<\/p>\n<p><strong>Reisegrundlagen<\/strong>, Gesundheitsthemen, z. B. Erste Hilfe, Allergien usw., Fahrradthemen, Batteriepanne, Reifenreparatur, Motorrad abschleppen usw.<\/p>\n\n\t\t<\/div>\n\t<\/div>\n<\/div><\/div><\/div><\/div><!-- Row Backgrounds --><div data-vc-full-width=\"true\" data-vc-full-width-init=\"false\" data-vc-stretch-content=\"true\" class=\"vc_row wpb_row vc_row-fluid vc_custom_1668419829933 vc_row-has-fill\"><div class=\"wpb_column vc_column_container vc_col-sm-12\"><div class=\"vc_column-inner vc_custom_1668415419198\"><div class=\"wpb_wrapper\"><div class=\"shortcode-banner\" style=\"min-height: 500px;background-image: url(https:\/\/artt.touratech.com\/wp-content\/uploads\/2022\/11\/A.R.T.T.-Gruppe-Spass-Motorrad_Instrctor_Touratech_Header.jpg)\"><div class=\"shortcode-banner-bg wf-table\" style=\"padding: 10px;min-height: 500px\"><div class=\"shortcode-banner-inside wf-table text-big\" style=\"border: solid 10px transparent;outline: solid 0px;height: 490px\"><div><\/div><\/div><\/div><\/div><\/div><\/div><\/div><\/div><div class=\"vc_row-full-width vc_clearfix\"><\/div><!-- Row Backgrounds --><div class=\"vc_row wpb_row vc_row-fluid vc_custom_1668416410230 vc_row-has-fill\"><div class=\"wpb_column vc_column_container vc_col-sm-12\"><div class=\"vc_column-inner vc_custom_1668415419198\"><div class=\"wpb_wrapper\"><div id=\"ultimate-heading-123169d8c78573d9a\" class=\"uvc-heading ult-adjust-bottom-margin ultimate-heading-123169d8c78573d9a uvc-8600  uvc-heading-default-font-sizes\" data-hspacer=\"line_only\"  data-halign=\"left\" style=\"text-align:left\"><div class=\"uvc-main-heading ult-responsive\"  data-ultimate-target='.uvc-heading.ultimate-heading-123169d8c78573d9a h2'  data-responsive-json-new='{\"font-size\":\"\",\"line-height\":\"\"}' ><h2 style=\"--font-weight:theme;\">Der Zeitplan<\/h2><\/div><div class=\"uvc-heading-spacer line_only\" style=\"topheight:1px;\"><span class=\"uvc-headings-line\" style=\"border-style:solid;border-bottom-width:1px;border-color:#000000;width:autopx;\"><\/span><\/div><\/div><div class=\"vc_row wpb_row vc_inner vc_row-fluid\"><div class=\"wpb_column vc_column_container vc_col-sm-6\"><div class=\"vc_column-inner\"><div class=\"wpb_wrapper\">\n\t<div class=\"wpb_text_column wpb_content_element  vc_custom_1668420697658\" >\n\t\t<div class=\"wpb_wrapper\">\n\t\t\t<p>Der A.R.T.T.-Tourguide-Zertifizierungsprozess umfasst in der Regel 5 volle Tage, von denen 4,5 Tage auf Ausbildung und Vorbereitung und 0,5 Tage auf die Pr\u00fcfung entfallen. Fahrkenntnisse werden nicht trainiert und in der Pr\u00fcfung nicht \u00fcberpr\u00fcft.<\/p>\n<p>In der Regel besteht vor dem ersten offiziellen Ausbildungstag die M\u00f6glichkeit, eine erste gemeinsame Tour zu fahren, um sich mit der Gruppe vertraut zu machen und den Ausbildern einen Eindruck von den F\u00e4higkeiten der Teilnehmer zu vermitteln.<\/p>\n<p>Je nach Land, in dem die Zertifizierung stattfindet, m\u00fcssen Transferstrecken eingeplant werden. Dies wird gesondert bekannt gegeben.<\/p>\n<p><strong>Bitte denke daran, dass der Unterricht und die Pr\u00fcfungen in englischer Sprache abgehalten werden. Du musst die englische Sprache sowohl verstehen als dich auch in ihr gut ausdr\u00fccken k\u00f6nnen.<\/strong><\/p>\n\n\t\t<\/div>\n\t<\/div>\n<\/div><\/div><\/div><div class=\"wpb_column vc_column_container vc_col-sm-6\"><div class=\"vc_column-inner\"><div class=\"wpb_wrapper\">\n\t<div class=\"wpb_text_column wpb_content_element  vc_custom_1668692443943\" >\n\t\t<div class=\"wpb_wrapper\">\n\t\t\t<p><strong>Details<\/strong> Die Einzelheiten der einzelnen Zertifizierungsveranstaltungen h\u00e4ngen von dem Datum und dem Land ab, in dem die Zertifizierung stattfindet. Der allgemeine Rahmen (Dauer, Gruppengr\u00f6\u00dfe, etc.) bleibt jedoch f\u00fcr jede A.R.T.T.-Zertifizierung gleich.<\/p>\n<p><strong>Unterkunft: <\/strong>In der N\u00e4he der Schulungsorte; die Teilnehmer erhalten eine Liste mit empfohlenen Hotels; die Unterkunft wird von den Teilnehmern individuell gebucht<\/p>\n<p><strong>Informationen zur Anreise:\u00a0<\/strong>Werden je nach Standort gegeben.<\/p>\n<p><strong>Gruppengr\u00f6\u00dfe:\u00a0<\/strong>In der Regel besteht die Gruppe aus mindestens 10 bis maximal 12 Teilnehmern. Bei besonderen Anforderungen k\u00f6nnen individuelle L\u00f6sungen gefunden werden.<\/p>\n<p><strong>Motorr\u00e4der:\u00a0<\/strong>Wir stellen einen Pool von Motorr\u00e4dern verschiedener Marken und aktueller Modelle f\u00fcr Schulungen und Pr\u00fcfungen zur Verf\u00fcgung.<\/p>\n\n\t\t<\/div>\n\t<\/div>\n<\/div><\/div><\/div><\/div><\/div><\/div><\/div><\/div><!-- Row Backgrounds --><div class=\"vc_row wpb_row vc_row-fluid vc_custom_1668415505442 vc_row-has-fill\"><div class=\"wpb_column vc_column_container vc_col-sm-12\"><div class=\"vc_column-inner vc_custom_1668415419198\"><div class=\"wpb_wrapper\"><div id=\"ultimate-heading-950669d8c7857440b\" class=\"uvc-heading ult-adjust-bottom-margin ultimate-heading-950669d8c7857440b uvc-7404  uvc-heading-default-font-sizes\" data-hspacer=\"line_only\"  data-halign=\"left\" style=\"text-align:left\"><div class=\"uvc-main-heading ult-responsive\"  data-ultimate-target='.uvc-heading.ultimate-heading-950669d8c7857440b h2'  data-responsive-json-new='{\"font-size\":\"\",\"line-height\":\"\"}' ><h2 style=\"--font-weight:theme;\">Der Teilnehmer<\/h2><\/div><div class=\"uvc-heading-spacer line_only\" style=\"topheight:1px;\"><span class=\"uvc-headings-line\" style=\"border-style:solid;border-bottom-width:1px;border-color:#f9dc06;width:autopx;\"><\/span><\/div><\/div><div class=\"vc_row wpb_row vc_inner vc_row-fluid\"><div class=\"wpb_column vc_column_container vc_col-sm-6\"><div class=\"vc_column-inner\"><div class=\"wpb_wrapper\">\n\t<div class=\"wpb_text_column wpb_content_element  vc_custom_1668418714541\" >\n\t\t<div class=\"wpb_wrapper\">\n\t\t\t<p>Die Teilnehmer der Touratech A.R.T.T.-Zertifizierungsprogramme <strong>kommen aus der ganzen Welt<\/strong>. Sie sind Mitarbeiter oder Beauftragte von Touratech-Importeuren und -Gesch\u00e4ftspartnern.<\/p>\n<p>Jeder Teilnehmer muss bestimmte <strong>gesetzliche Anforderungen<\/strong> sowie <strong>pers\u00f6nliche Qualifikationen<\/strong> erf\u00fcllen, um die Zertifizierungswoche und die Abschlusspr\u00fcfung wertvoll und erfolgreich zu absolvieren.<\/p>\n<ul>\n<li>Der Teilnehmer muss\u00a0<strong>ein Angestellter eines offiziellen Touratech-Gesch\u00e4ftspartners sein<\/strong>\u00a0oder\u00a0<strong>must have a contract covering his work as a guide<\/strong>\u00a0oder\u00a0<strong>er muss von einem offiziellen Touratech-Partner eingeladen\/empfohlen werden<\/strong>\u00a0mit dem Ziel, in Zukunft Touratech-Touren im Namen des Gesch\u00e4ftspartners zu planen und\/oder zu f\u00fchren und\/oder zu begleiten.<\/li>\n<li>Der Teilnehmer ist im Besitz eines g\u00fcltigen internationalen F\u00fchrerscheins.<\/li>\n<li>Der Teilnehmer ist geistig\/physisch in der Lage, eine Gruppe zu leiten. Er best\u00e4tigt, dass er sich in einem guten Gesundheitszustand befindet und nicht drogenabh\u00e4ngig ist.<\/li>\n<li>Der Teilnehmer muss flie\u00dfend Englisch verstehen, sprechen und schreiben k\u00f6nnen (um die Kursinhalte zu verstehen und die Abschlusspr\u00fcfung bestehen zu k\u00f6nnen).<\/li>\n<li>Der Teilnehmer ist in der Lage, ein Motorrad ohne Probleme zu handhaben und zu man\u00f6vrieren (z. B. Be- und Entladen, Schieben eines Motorrads, Korrigieren einer Parkposition, aufheben eines Motorrads usw.).<\/li>\n<li>Der Teilnehmer ist in der Lage, auf den unterschiedlichsten Untergr\u00fcnden sehr langsam zu fahren.<\/li>\n<li>Der Teilnehmer ist ein umsichtiger Fahrer mit sehr guten Fahrkenntnissen in jeder Situation;\nMindestens 5 Jahre Fahrpraxis sind erforderlich;\ner hat Erfahrung bei jedem Wetter, auf unterschiedlichem Gel\u00e4nde und unterschiedlichen Stra\u00dfen- und Streckencharakteristiken (z.B. steile Bergp\u00e4sse, Hauptverkehrsstra\u00dfen etc.)<\/li>\n<\/ul>\n\n\t\t<\/div>\n\t<\/div>\n<\/div><\/div><\/div><div class=\"wpb_column vc_column_container vc_col-sm-6\"><div class=\"vc_column-inner\"><div class=\"wpb_wrapper\">\n\t<div class=\"wpb_text_column wpb_content_element  vc_custom_1668419348573\" >\n\t\t<div class=\"wpb_wrapper\">\n\t\t\t<h3>Teilnahmevoraussetzungen<\/h3>\n<p>Die Teilnehmer der Touratech A.R.T.T.-Zertifizierungsprogramme <strong>kommen aus der ganzen Welt<\/strong>.<\/p>\n<p>Jeder Teilnehmer muss bestimmte <strong>gesetzliche Anforderungen<\/strong> sowie <strong>pers\u00f6nliche Qualifikationen<\/strong> erf\u00fcllen, um die Zertifizierungswoche und die Abschlusspr\u00fcfung wertvoll und erfolgreich zu absolvieren.<\/p>\n<ul>\n<li>Der Teilnehmer ist im Besitz eines g\u00fcltigen internationalen F\u00fchrerscheins.<\/li>\n<li>Der Teilnehmer ist geistig\/physisch in der Lage, eine Gruppe zu leiten. Er best\u00e4tigt, dass er sich in einem guten Gesundheitszustand befindet und nicht drogenabh\u00e4ngig ist.<\/li>\n<li>Der Teilnehmer muss flie\u00dfend Englisch verstehen, sprechen und schreiben k\u00f6nnen (um die Kursinhalte zu verstehen und die Abschlusspr\u00fcfung bestehen zu k\u00f6nnen).<\/li>\n<li>Der Teilnehmer ist in der Lage, ein Motorrad ohne Probleme zu handhaben und zu man\u00f6vrieren (z. B. Be- und Entladen, Schieben eines Motorrads, Korrigieren einer Parkposition, aufheben eines Motorrads usw.).<\/li>\n<li>Der Teilnehmer ist in der Lage, auf den unterschiedlichsten Untergr\u00fcnden sehr langsam zu fahren.<\/li>\n<li>Der Teilnehmer ist ein umsichtiger Fahrer mit sehr guten Fahrkenntnissen in jeder Situation;\nMindestens 5 Jahre Fahrpraxis sind erforderlich;\ner hat Erfahrung bei jedem Wetter, auf unterschiedlichem Gel\u00e4nde und unterschiedlichen Stra\u00dfen- und Streckencharakteristiken (z.B. steile Bergp\u00e4sse, Hauptverkehrsstra\u00dfen etc.)<\/li>\n<\/ul>\n<h3>Das solltest Du im Schlaf beherrschen<\/h3>\n\n\t\t<\/div>\n\t<\/div>\n\n\t<div class=\"wpb_video_widget wpb_content_element vc_clearfix   vc_video-aspect-ratio-169 vc_video-el-width-100 vc_video-align-left\" >\n\t\t<div class=\"wpb_wrapper\">\n\t\t\t\n\t\t\t<div class=\"wpb_video_wrapper\"><iframe loading=\"lazy\" title=\"TOURATECH - Instructor_EN\" src=\"https:\/\/player.vimeo.com\/video\/669340915?h=b965bd1829&amp;dnt=1&amp;app_id=122963\" width=\"1200\" height=\"675\" frameborder=\"0\" allow=\"autoplay; fullscreen; picture-in-picture\" allowfullscreen><\/iframe><\/div>\n\t\t<\/div>\n\t<\/div>\n<\/div><\/div><\/div><\/div><\/div><\/div><\/div><\/div><!-- Row Backgrounds --><div class=\"vc_row wpb_row vc_row-fluid\"><div class=\"wpb_column vc_column_container vc_col-sm-12\"><div class=\"vc_column-inner\"><div class=\"wpb_wrapper\"><div class=\"vc_btn3-container vc_btn3-center vc_custom_1668697028450\" ><a class=\"vc_general vc_btn3 vc_btn3-size-md vc_btn3-shape-square vc_btn3-style-outline vc_btn3-block vc_btn3-icon-right vc_btn3-color-black\" href=\"https:\/\/artt.touratech.com\/de\/application-tourguide\/\" title=\"Bewerbung Touratech A.R.T.T.-Zertifizierung\" target=\"_blank\">Jetzt bewerben <i class=\"vc_btn3-icon fas fa-motorcycle\"><\/i><\/a><\/div><\/div><\/div><\/div><\/div>\n<\/section>","protected":false},"excerpt":{"rendered":"<p>The Benefit A Touratech tourguide is not simply an offroad trainer: Successful learning, enthusiasm and one\u2019s own perception as a good participant stand and fall with the professionalism, wide skill set and empathy of the instructor. The instructor is the person of trust for each participant. The instructor must therefore comply with this trust in&hellip;<\/p>","protected":false},"author":2,"featured_media":1613,"parent":0,"menu_order":30,"comment_status":"closed","ping_status":"closed","template":"","meta":{"footnotes":""},"class_list":["post-1686","page","type-page","status-publish","has-post-thumbnail","hentry","description-off"],"_links":{"self":[{"href":"https:\/\/artt.touratech.com\/de\/wp-json\/wp\/v2\/pages\/1686","targetHints":{"allow":["GET"]}}],"collection":[{"href":"https:\/\/artt.touratech.com\/de\/wp-json\/wp\/v2\/pages"}],"about":[{"href":"https:\/\/artt.touratech.com\/de\/wp-json\/wp\/v2\/types\/page"}],"author":[{"embeddable":true,"href":"https:\/\/artt.touratech.com\/de\/wp-json\/wp\/v2\/users\/2"}],"replies":[{"embeddable":true,"href":"https:\/\/artt.touratech.com\/de\/wp-json\/wp\/v2\/comments?post=1686"}],"version-history":[{"count":10,"href":"https:\/\/artt.touratech.com\/de\/wp-json\/wp\/v2\/pages\/1686\/revisions"}],"predecessor-version":[{"id":1925,"href":"https:\/\/artt.touratech.com\/de\/wp-json\/wp\/v2\/pages\/1686\/revisions\/1925"}],"wp:featuredmedia":[{"embeddable":true,"href":"https:\/\/artt.touratech.com\/de\/wp-json\/wp\/v2\/media\/1613"}],"wp:attachment":[{"href":"https:\/\/artt.touratech.com\/de\/wp-json\/wp\/v2\/media?parent=1686"}],"curies":[{"name":"wp","href":"https:\/\/api.w.org\/{rel}","templated":true}]}}